{"id":273,"date":"2021-05-07T18:35:03","date_gmt":"2021-05-07T18:35:03","guid":{"rendered":"https:\/\/nothot.org\/?page_id=273"},"modified":"2021-05-26T07:34:52","modified_gmt":"2021-05-26T07:34:52","slug":"reduce","status":"publish","type":"page","link":"https:\/\/nothot.org\/lv\/","title":{"rendered":"Samaziniet savu individu\u0101lo oglek\u013ca p\u0113das nospiedumu ar koku pal\u012bdz\u012bbu"},"content":{"rendered":"","protected":false},"excerpt":{"rendered":"","protected":false},"author":1,"featured_media":0,"parent":0,"menu_order":0,"comment_status":"closed","ping_status":"closed","template":"page-home.php","meta":{"_acf_changed":false,"footnotes":""},"class_list":["post-273","page","type-page","status-publish","hentry"],"acf":[],"yoast_head":"<!-- This site is optimized with the Yoast SEO plugin v25.6 - https:\/\/yoast.com\/wordpress\/plugins\/seo\/ -->\n<title>Samaziniet savu individu\u0101lo oglek\u013ca p\u0113das nospiedumu ar koku pal\u012bdz\u012bbu | Not Hot<\/title>\n<meta name=\"robots\" content=\"index, follow, max-snippet:-1, max-image-preview:large, max-video-preview:-1\" \/>\n<link rel=\"canonical\" href=\"https:\/\/nothot.org\/lv\/\" \/>\n<meta property=\"og:locale\" content=\"lv_LV\" \/>\n<meta property=\"og:type\" content=\"article\" \/>\n<meta property=\"og:title\" content=\"Samaziniet savu individu\u0101lo oglek\u013ca p\u0113das nospiedumu ar koku pal\u012bdz\u012bbu | Not Hot\" \/>\n<meta property=\"og:url\" content=\"https:\/\/nothot.org\/lv\/\" \/>\n<meta property=\"og:site_name\" content=\"Not Hot\" \/>\n<meta property=\"article:modified_time\" content=\"2021-05-26T07:34:52+00:00\" \/>\n<meta name=\"twitter:card\" content=\"summary_large_image\" \/>\n<script type=\"application\/ld+json\" class=\"yoast-schema-graph\">{\"@context\":\"https:\/\/schema.org\",\"@graph\":[{\"@type\":\"WebPage\",\"@id\":\"https:\/\/nothot.org\/lv\/\",\"url\":\"https:\/\/nothot.org\/lv\/\",\"name\":\"Samaziniet savu individu\u0101lo oglek\u013ca p\u0113das nospiedumu ar koku pal\u012bdz\u012bbu | Not Hot\",\"isPartOf\":{\"@id\":\"https:\/\/nothot.org\/#website\"},\"datePublished\":\"2021-05-07T18:35:03+00:00\",\"dateModified\":\"2021-05-26T07:34:52+00:00\",\"inLanguage\":\"lv-LV\",\"potentialAction\":[{\"@type\":\"ReadAction\",\"target\":[\"https:\/\/nothot.org\/lv\/\"]}]},{\"@type\":\"WebSite\",\"@id\":\"https:\/\/nothot.org\/#website\",\"url\":\"https:\/\/nothot.org\/\",\"name\":\"Not Hot\",\"description\":\"Not Hot helps you minimize your individual carbon footprint by planting trees to compensate for your emissions. Find out how to achieve carbon neutrality!\",\"potentialAction\":[{\"@type\":\"SearchAction\",\"target\":{\"@type\":\"EntryPoint\",\"urlTemplate\":\"https:\/\/nothot.org\/?s={search_term_string}\"},\"query-input\":{\"@type\":\"PropertyValueSpecification\",\"valueRequired\":true,\"valueName\":\"search_term_string\"}}],\"inLanguage\":\"lv-LV\"}]}<\/script>\n<!-- \/ Yoast SEO plugin. -->","yoast_head_json":{"title":"Samaziniet savu individu\u0101lo oglek\u013ca p\u0113das nospiedumu ar koku pal\u012bdz\u012bbu | Not Hot","robots":{"index":"index","follow":"follow","max-snippet":"max-snippet:-1","max-image-preview":"max-image-preview:large","max-video-preview":"max-video-preview:-1"},"canonical":"https:\/\/nothot.org\/lv\/","og_locale":"lv_LV","og_type":"article","og_title":"Samaziniet savu individu\u0101lo oglek\u013ca p\u0113das nospiedumu ar koku pal\u012bdz\u012bbu | Not Hot","og_url":"https:\/\/nothot.org\/lv\/","og_site_name":"Not Hot","article_modified_time":"2021-05-26T07:34:52+00:00","twitter_card":"summary_large_image","schema":{"@context":"https:\/\/schema.org","@graph":[{"@type":"WebPage","@id":"https:\/\/nothot.org\/lv\/","url":"https:\/\/nothot.org\/lv\/","name":"Samaziniet savu individu\u0101lo oglek\u013ca p\u0113das nospiedumu ar koku pal\u012bdz\u012bbu | Not Hot","isPartOf":{"@id":"https:\/\/nothot.org\/#website"},"datePublished":"2021-05-07T18:35:03+00:00","dateModified":"2021-05-26T07:34:52+00:00","inLanguage":"lv-LV","potentialAction":[{"@type":"ReadAction","target":["https:\/\/nothot.org\/lv\/"]}]},{"@type":"WebSite","@id":"https:\/\/nothot.org\/#website","url":"https:\/\/nothot.org\/","name":"Not Hot","description":"Not Hot helps you minimize your individual carbon footprint by planting trees to compensate for your emissions. Find out how to achieve carbon neutrality!","potentialAction":[{"@type":"SearchAction","target":{"@type":"EntryPoint","urlTemplate":"https:\/\/nothot.org\/?s={search_term_string}"},"query-input":{"@type":"PropertyValueSpecification","valueRequired":true,"valueName":"search_term_string"}}],"inLanguage":"lv-LV"}]}},"_links":{"self":[{"href":"https:\/\/nothot.org\/lv\/wp-json\/wp\/v2\/pages\/273"}],"collection":[{"href":"https:\/\/nothot.org\/lv\/wp-json\/wp\/v2\/pages"}],"about":[{"href":"https:\/\/nothot.org\/lv\/wp-json\/wp\/v2\/types\/page"}],"author":[{"embeddable":true,"href":"https:\/\/nothot.org\/lv\/wp-json\/wp\/v2\/users\/1"}],"replies":[{"embeddable":true,"href":"https:\/\/nothot.org\/lv\/wp-json\/wp\/v2\/comments?post=273"}],"version-history":[{"count":20,"href":"https:\/\/nothot.org\/lv\/wp-json\/wp\/v2\/pages\/273\/revisions"}],"predecessor-version":[{"id":375,"href":"https:\/\/nothot.org\/lv\/wp-json\/wp\/v2\/pages\/273\/revisions\/375"}],"wp:attachment":[{"href":"https:\/\/nothot.org\/lv\/wp-json\/wp\/v2\/media?parent=273"}],"curies":[{"name":"wp","href":"https:\/\/api.w.org\/{rel}","templated":true}]}}