{"id":295,"date":"2021-05-12T19:42:33","date_gmt":"2021-05-12T19:42:33","guid":{"rendered":"https:\/\/nothot.org\/?page_id=295"},"modified":"2021-05-18T08:30:36","modified_gmt":"2021-05-18T08:30:36","slug":"privatuma-politika","status":"publish","type":"page","link":"https:\/\/nothot.org\/lv\/privatuma-politika\/","title":{"rendered":"Priv\u0101tuma politika"},"content":{"rendered":"\n<div class=\"title_part\">\n\t\t\t<h1>Priv\u0101tuma politika<\/h1>\n\t\t\t<div class=\"title_desc\">\n\t\t\t\t<p>\u0160aj\u0101 priv\u0101tuma politik\u0101 aprakst\u012bts, k\u0101 j\u016bsu personisk\u0101 inform\u0101cija tiek v\u0101kta, lietota un kop\u012bgota, kad apmekl\u0113jat vietni nothot.org (&#8220;Vietne&#8221;) vai izdar\u0101t taj\u0101 pirkumu.the &#8220;Site&#8221;).<\/p>\n\t\t\t<\/div>\n\t\t<\/div>\n\t\t<div class=\"article_part textpage\">\n\t\t\t<h2>PERSONISK\u0100 INFORM\u0100CIJA, K\u0100DU V\u0100CAM<\/h2>\n\t\t\t<section>\n\t\t\t\t<p>Kad apmekl\u0113jat Vietni, m\u0113s autom\u0101tiski v\u0101cam noteiktu inform\u0101ciju par j\u016bsu ier\u012bci, tostarp inform\u0101ciju par j\u016bsu t\u012bmek\u013ca p\u0101rl\u016bkprogrammu, IP adresi, laika zinu un da\u017eiem s\u012bkfailiem, kas instal\u0113ti j\u016bsu ier\u012bc\u0113. Papildus, jums p\u0101rl\u016bkojot Vietni, m\u0113s v\u0101cam inform\u0101ciju par atsevi\u0161\u0137\u0101m t\u012bmek\u013ca lap\u0101m vai produktiem, ko skat\u0101t, par to, kuras t\u012bmek\u013ca vietnes vai k\u0101di mekl\u0113\u0161anas termini j\u016bs ir novirz\u012bju\u0161i uz Vietni, k\u0101 ar\u012b inform\u0101ciju par to, k\u0101 j\u016bs mijiedarbojaties ar Vietni. \u0160o autom\u0101tiski sav\u0101kto inform\u0101ciju m\u0113s saucam par &#8220;Ier\u012bces inform\u0101ciju&#8221;.<\/p>\n\t\t\t\t<p>M\u0113s v\u0101cam Ier\u012bces inform\u0101ciju, izmantojot \u0161\u0101das tehnolo\u0123ijas: <br>\n&#8211; &#8220;S\u012bkfaili&#8221; ir datu faili, kas tiek ievietoti j\u016bsu ier\u012bc\u0113 vai dator\u0101 un bie\u017ei ietver anon\u012bmu unik\u0101lu identifikatoru. Lai ieg\u016btu pla\u0161\u0101ku inform\u0101ciju par s\u012bkfailiem un to, k\u0101 tos atsp\u0113jot, apmekl\u0113jiet <a href=\"http:\/\/www.allaboutcookies.org\" target=\"_blank\" rel=\"noopener\">http:\/\/www.allaboutcookies.org<\/a>.<br>\n&#8211; &#8220;\u017durn\u0101lfaili&#8221; izseko Vietn\u0113 notieko\u0161\u0101s darb\u012bbas un v\u0101c datus, tostarp j\u016bsu IP adresi, p\u0101rl\u016bkprogrammas veidu, interneta pakalpojuma sniedz\u0113ju, lapas, kas novirza\/lapas, no kur\u0101m iziets, k\u0101 ar\u012b datuma\/laikspiedolus.<br>\n&#8211; T\u012bmek\u013ca b\u0101ksign\u0101li&#8221;, &#8220;tagi&#8221; un &#8220;pikse\u013ci&#8221; ir elektroniski faili, ko lieto, lai re\u0123istr\u0113tu inform\u0101ciju par to, k\u0101 j\u016bs Vietni p\u0101rl\u016bkojat.\n<\/p>\n\t\t\t\t<p>Turkl\u0101t, kad izdar\u0101t pirkumu vai m\u0113\u0123in\u0101t izdar\u012bt pirkumu ar Vietnes starpniec\u012bbu, m\u0113s v\u0101cam noteiktu inform\u0101ciju par jums, tostarp j\u016bsu v\u0101rdu, r\u0113\u0137ina adresi, pieg\u0101des adresi, maks\u0101juma inform\u0101ciju (ieskaitot kred\u012btkartes numurus un \/ vai PayPal konta datus), e- pasta adresi un t\u0101lru\u0146a numuru. \u0160o inform\u0101ciju m\u0113s saucam par &#8220;Pas\u016bt\u012bjuma inform\u0101ciju&#8221;.<\/p>\n\t\t\t\t<p>Kad \u0161aj\u0101 priv\u0101tuma politik\u0101 run\u0101jam par &#8220;Personisku inform\u0101ciju&#8221;, m\u0113s run\u0101jam gan par Ier\u012bces inform\u0101ciju, gan par Pas\u016bt\u012bjuma inform\u0101ciju.<\/p>\n\t\t\t<\/section>\n\t\t\t\n\t\t\t<h2>K\u0100 M\u0112S LIETOJAM J\u016aSU PERSONISKO INFORM\u0100CIJU? <\/h2>\n\t\t\t<section>\n\t\t\t\t<p>P\u0113c b\u016bt\u012bbas sav\u0101kto Pas\u016bt\u012bjuma inform\u0101ciju m\u0113s lietojam, lai izpild\u012btu visus ar Vietnes starpniec\u012bbu iesniegtos pas\u016bt\u012bjumus (ieskaitot j\u016bsu maks\u0101juma inform\u0101cijas apstr\u0101di, s\u016bt\u012b\u0161anas organiz\u0113\u0161anu un r\u0113\u0137inu un\/vai pas\u016bt\u012bjuma apstiprin\u0101jumu nos\u016bt\u012b\u0161anu jums). V\u0113l m\u0113s \u0161o Pas\u016bt\u012bjuma inform\u0101ciju lietojam, lai: <br>\n&#8211; sazin\u0101tos ar jums; <br>\n&#8211; p\u0101rbaud\u012btu savus pas\u016bt\u012bjumus saist\u012bb\u0101 ar iesp\u0113jamu risku vai kr\u0101pniec\u012bbu un &#8211; <br>\n&#8211; ja tas atbilst preferenc\u0113m, k\u0101d\u0101s ar mums dal\u012bj\u0101ties, \u2013 lai sniegtu jums inform\u0101ciju vai rekl\u0101mu attiec\u012bb\u0101 uz m\u016bsu produktiem vai pakalpojumiem.\n<\/p>\n\t\t\t\t<p>Ier\u012bces inform\u0101ciju, ko v\u0101cam, m\u0113s lietojam, lai t\u0101 mums pal\u012bdz\u0113tu atsij\u0101t iesp\u0113jamu risku un kr\u0101pniec\u012bbu (jo \u012bpa\u0161i j\u016bsu IP adrese) un \u2013 visp\u0101r\u012bg\u0101k \u2013 lai pilnveidotu un optimiz\u0113tu savu Vietni (piem\u0113ram, \u0123ener\u0113jot anal\u012btiku par to, k\u0101 m\u016bsu klienti p\u0101rl\u016bko Vietni un mijiedarbojas ar to, k\u0101 ar\u012b lai izv\u0113rt\u0113tu m\u016bsu m\u0101rketinga un rekl\u0101mas kampa\u0146u pan\u0101kumus). T\u0101pat m\u0113s lietojam \u0161o inform\u0101ciju, lai r\u0101d\u012btu jums m\u0113r\u0137tiec\u012bgas rekl\u0101mas.\n<\/p>\n\t\t\t<\/section>\n\t\t\t\n\t\t\t<h2>J\u016aSU PERSONISK\u0100S INFORM\u0100CIJAS KOP\u012aGO\u0160ANA<\/h2>\n\t\t\t<section>\n\t\t\t\t<p>M\u0113s kop\u012bgojam j\u016bsu Personisko inform\u0101ciju ar tre\u0161aj\u0101m pus\u0113m, lai t\u0101s mums pal\u012bdz\u0113tu j\u016bsu Personisko inform\u0101ciju izmantot t\u0101, k\u0101 iepriek\u0161 aprakst\u012bts. Piem\u0113ram, m\u0113s izmantojam Shopify, kas darbina m\u016bsu tie\u0161saistes veikalu \u2013 vair\u0101k par to, k\u0101 Shopify izmanto j\u016bsu Personisko inform\u0101ciju, varat las\u012bt \u0161eit: https:\/\/www.shopify.com\/legal\/privacy. T\u0101pat m\u0113s lietojam Google Analytics, kas pal\u012bdz mums saprast, k\u0101 m\u016bsu klienti izmanto Vietni \u2013 vair\u0101k par to, k\u0101 Google Analytics izmanto j\u016bsu Personisko inform\u0101ciju, varat las\u012bt \u0161eit: https:\/\/www.google.com\/intl\/en\/policies\/privacy\/. J\u016bs varat ar\u012b atteikties no Google Analytics \u0161eit: https:\/\/tools.google.com\/dlpage\/gaoptout.<\/p>\n\t\t\t\t<p>Visbeidzot, m\u0113s varam ar\u012b kop\u012bgot j\u016bsu Personisko inform\u0101ciju, lai iev\u0113rotu sp\u0113k\u0101 eso\u0161os likumus un normat\u012bvos aktus, lai atsauktos uz pav\u0113sti, krat\u012b\u0161anas orderi vai citiem likum\u012bgiem m\u016bsu sa\u0146emtas inform\u0101cijas piepras\u012bjumiem, vai k\u0101 cit\u0101di aizsarg\u0101t savas ties\u012bbas.<\/p>\n\t\t\t<\/section>\n\t\t\t\n\t\t\t<h2>UZVED\u012aBAS NOTEIKTA REKLAM\u0112\u0160ANA<\/h2>\n\t\t\t<section>\n\t\t\t\t<p>K\u0101 aprakst\u012bts iepriek\u0161, m\u0113s izmantojam j\u016bsu Personisko inform\u0101ciju, lai sniegtu jums m\u0113r\u0137tiec\u012bgas rekl\u0101mas vai m\u0101rketinga sludin\u0101jumus, par ko uzskat\u0101m, ka tie j\u016bs var\u0113tu interes\u0113t. Lai ieg\u016btu vair\u0101k inform\u0101cijas par to, k\u0101 darbojas m\u0113r\u0137tiec\u012bgas rekl\u0101mas, j\u016bsu varat apmekl\u0113t T\u012bkla reklam\u0113\u0161anas iniciat\u012bvas (Network Advertising Initiative \u2013 &#8220;NAI\u201d) izgl\u012btojo\u0161o lapu vietn\u0113 http:\/\/www.networkadvertising.org\/understanding-online-advertising\/how-does-it-work.<\/p>\n\t\t\t\t<p>J\u016bs varat attiekties no m\u0113r\u0137tiec\u012bg\u0101m rekl\u0101m\u0101m, izmantojot turpm\u0101k\u0101s saites:<br>\n&#8211; F- Facebook: https:\/\/www.facebook.com\/settings\/?tab=ads<\/a><br>\n&#8211; Google: https:\/\/www.google.com\/settings\/ads\/anonymous <br>\n&#8211; Bing: https:\/\/advertise.bingads.microsoft.com\/en-us\/resources\/policies\/personalized-ads <\/p>\n\t\t\t\t<p>V\u0113l j\u016bs varat atteikties no da\u017eiem \u0161iem pakalpojumiem, apmekl\u0113jot Digit\u0101lo rekl\u0101mu alianses atteik\u0161an\u0101s port\u0101lu vietn\u0113 http:\/\/optout.aboutads.info\/.<\/p>\n\t\t\t<\/section>\n\t\t\t\n\t\t\t<h2>NEIZSEKOT<\/h2>\n\t\t\t<section>\n\t\t\t\t<p>L\u016bdzu, \u0146emiet v\u0113r\u0101, ka m\u0113s nemain\u0101m datu v\u0101k\u0161anas un izmanto\u0161anas prakses sav\u0101 Vietn\u0113, redzot sign\u0101lu Neizsekot no j\u016bsu p\u0101rl\u016bkprogrammas.<\/p>\n\t\t\t<\/section>\n\t\t\t\n\t\t\t<h2>J\u016aSU TIES\u012aBAS<\/h2>\n\t\t\t<section>\n\t\t\t\t<p>Ja esat Eiropas past\u0101v\u012bgais iedz\u012bvot\u0101js, jums ir ties\u012bbas piek\u013c\u016bt personiskajai inform\u0101cijai, k\u0101du turam par jums, un l\u016bgt, lai j\u016bsu personisk\u0101 inform\u0101cija tiktu kori\u0123\u0113ta, atjaunin\u0101ta vai dz\u0113sta. Ja v\u0113laties \u0161\u012bs ties\u012bbas izmantot, l\u016bdzu, sazinieties ar mums, izmantojot turpin\u0101jum\u0101 sniegto kontaktinform\u0101ciju.<\/p>\n\t\t\t\t<p>Turkl\u0101t, ja esat Eiropas past\u0101v\u012bgais iedz\u012bvot\u0101js, l\u016bdzam \u0146emt v\u0113r\u0101, ka apstr\u0101d\u0101jam j\u016bsu inform\u0101ciju, lai izpild\u012btu l\u012bgumus, k\u0101di mums ar jums var b\u016bt (piem\u0113ram, ja izdar\u0101t Vietn\u0113 pas\u016bt\u012bjumu),, vai k\u0101 cit\u0101di, lai \u012bstenotu savas likum\u012bg\u0101s uz\u0146\u0113muma intereses, kas uzskait\u012btas iepriek\u0161. Turkl\u0101t, l\u016bdzu, \u0146emiet v\u0113r\u0101, ka j\u016bsu inform\u0101cija var tikt p\u0101rs\u016bt\u012bta \u0101rpus Eiropas, ar\u012b uz Kan\u0101du un Amerikas Savienotaj\u0101m Valst\u012bm.<\/p>\n\t\t\t<\/section>\n\t\t\t\n\t\t\t<h2>DATU GLAB\u0100\u0160ANA<\/h2>\n\t\t\t<section>\n\t\t\t\t<p>Kad Vietn\u0113 iesniedzat pas\u016bt\u012bjumu, m\u0113s saglab\u0101sim j\u016bsu pas\u016bt\u012bjuma inform\u0101ciju savos re\u0123istros, ja vien j\u016bs nel\u016bdzat mums \u0161o inform\u0101ciju dz\u0113st un l\u012bdz br\u012bdim, kad j\u016bs \u0161\u0101du l\u016bgumu iesniedzat.\n<\/p>\n\t\t\t<\/section>\n\t\t\t\n\t\t\t<h2>IZMAI\u0145AS<\/h2>\n\t\t\t<section>\n\t\t\t\t<p>M\u0113s dr\u012bkstam laiku pa laikam \u0161o priv\u0101tuma politiku atjaunin\u0101t, lai atspogu\u013cotu, piem\u0113ram, izmai\u0146as m\u016bsu praks\u0113 vai k\u0101du citu darba, juridisku vai reglament\u0113jo\u0161u iemeslu d\u0113\u013c.<\/p>\n\t\t\t<\/section>\n\t\t\t\n\t\t\t<h2>NEPILNGAD\u012aGIE<\/h2>\n\t\t\t<section>\n\t\t\t\t<p>\u0160\u012b Vietne nav paredz\u0113ta priv\u0101tperson\u0101m, kuras nav sasniegu\u0161as 18 gadu vecumu.<\/p>\n\t\t\t<\/section>\n\t\t\t\n\t\t\t<h2>CONTACT US<\/h2>\n\t\t\t<section>\n\t\t\t\t<p>Lai sa\u0146emtu papildu inform\u0101ciju par m\u016bsu priv\u0101tuma praksi, ja jums ir jaut\u0101jumi vai ja v\u0113laties iesniegt s\u016bdz\u012bbu, l\u016bdzu, sazinieties ar mums e-past\u0101, rakstot uz adresi support_at_nothot.org, vai ar pasta starpniec\u012bbu, izmantojot turpin\u0101jum\u0101 nor\u0101d\u012btos datus:<\/p>\n\t\t\t\t<p>NOT HOT<br>  SIA Environmental Solutions, Balt\u0101 iela 5, Bukulti, Garkalnes nov. LV-1024, Latvia.\n<\/p>\n\t\t\t<\/section><\/div>\n\n\n\n<p><\/p>\n","protected":false},"excerpt":{"rendered":"<p>Priv\u0101tuma politika \u0160aj\u0101 priv\u0101tuma politik\u0101 aprakst\u012bts, k\u0101 j\u016bsu personisk\u0101 inform\u0101cija tiek v\u0101kta, lietota un kop\u012bgota, kad apmekl\u0113jat vietni nothot.org (&#8220;Vietne&#8221;) vai izdar\u0101t taj\u0101 pirkumu.the &#8220;Site&#8221;). PERSONISK\u0100 INFORM\u0100CIJA, K\u0100DU V\u0100CAM Kad apmekl\u0113jat Vietni, m\u0113s autom\u0101tiski v\u0101cam noteiktu inform\u0101ciju par j\u016bsu ier\u012bci, tostarp inform\u0101ciju par j\u016bsu t\u012bmek\u013ca p\u0101rl\u016bkprogrammu, IP adresi, laika zinu un da\u017eiem s\u012bkfailiem, kas instal\u0113ti<a class=\"excerpt-read-more\" href=\"https:\/\/nothot.org\/lv\/privatuma-politika\/\" title=\"ReadPriv\u0101tuma politika\">&#8230; Read more &raquo;<\/a><\/p>\n","protected":false},"author":1,"featured_media":0,"parent":0,"menu_order":0,"comment_status":"closed","ping_status":"open","template":"page-privacy.php","meta":{"_acf_changed":false,"footnotes":""},"class_list":["post-295","page","type-page","status-publish","hentry"],"acf":[],"yoast_head":"<!-- This site is optimized with the Yoast SEO plugin v25.6 - https:\/\/yoast.com\/wordpress\/plugins\/seo\/ -->\n<title>Priv\u0101tuma politika | Not Hot<\/title>\n<meta name=\"robots\" content=\"noindex, follow\" \/>\n<meta property=\"og:locale\" content=\"lv_LV\" \/>\n<meta property=\"og:type\" content=\"article\" \/>\n<meta property=\"og:title\" content=\"Priv\u0101tuma politika | Not Hot\" \/>\n<meta property=\"og:description\" content=\"Priv\u0101tuma politika \u0160aj\u0101 priv\u0101tuma politik\u0101 aprakst\u012bts, k\u0101 j\u016bsu personisk\u0101 inform\u0101cija tiek v\u0101kta, lietota un kop\u012bgota, kad apmekl\u0113jat vietni nothot.org (&#8220;Vietne&#8221;) vai izdar\u0101t taj\u0101 pirkumu.the &#8220;Site&#8221;). PERSONISK\u0100 INFORM\u0100CIJA, K\u0100DU V\u0100CAM Kad apmekl\u0113jat Vietni, m\u0113s autom\u0101tiski v\u0101cam noteiktu inform\u0101ciju par j\u016bsu ier\u012bci, tostarp inform\u0101ciju par j\u016bsu t\u012bmek\u013ca p\u0101rl\u016bkprogrammu, IP adresi, laika zinu un da\u017eiem s\u012bkfailiem, kas instal\u0113ti... Read more &raquo;\" \/>\n<meta property=\"og:url\" content=\"https:\/\/nothot.org\/lv\/privatuma-politika\/\" \/>\n<meta property=\"og:site_name\" content=\"Not Hot\" \/>\n<meta property=\"article:modified_time\" content=\"2021-05-18T08:30:36+00:00\" \/>\n<meta name=\"twitter:card\" content=\"summary_large_image\" \/>\n<meta name=\"twitter:label1\" content=\"Est. reading time\" \/>\n\t<meta name=\"twitter:data1\" content=\"4 minutes\" \/>\n<script type=\"application\/ld+json\" class=\"yoast-schema-graph\">{\"@context\":\"https:\/\/schema.org\",\"@graph\":[{\"@type\":\"WebPage\",\"@id\":\"https:\/\/nothot.org\/lv\/privatuma-politika\/\",\"url\":\"https:\/\/nothot.org\/lv\/privatuma-politika\/\",\"name\":\"Priv\u0101tuma politika | Not Hot\",\"isPartOf\":{\"@id\":\"https:\/\/nothot.org\/#website\"},\"datePublished\":\"2021-05-12T19:42:33+00:00\",\"dateModified\":\"2021-05-18T08:30:36+00:00\",\"inLanguage\":\"lv-LV\",\"potentialAction\":[{\"@type\":\"ReadAction\",\"target\":[\"https:\/\/nothot.org\/lv\/privatuma-politika\/\"]}]},{\"@type\":\"WebSite\",\"@id\":\"https:\/\/nothot.org\/#website\",\"url\":\"https:\/\/nothot.org\/\",\"name\":\"Not Hot\",\"description\":\"Not Hot helps you minimize your individual carbon footprint by planting trees to compensate for your emissions. Find out how to achieve carbon neutrality!\",\"potentialAction\":[{\"@type\":\"SearchAction\",\"target\":{\"@type\":\"EntryPoint\",\"urlTemplate\":\"https:\/\/nothot.org\/?s={search_term_string}\"},\"query-input\":{\"@type\":\"PropertyValueSpecification\",\"valueRequired\":true,\"valueName\":\"search_term_string\"}}],\"inLanguage\":\"lv-LV\"}]}<\/script>\n<!-- \/ Yoast SEO plugin. -->","yoast_head_json":{"title":"Priv\u0101tuma politika | Not Hot","robots":{"index":"noindex","follow":"follow"},"og_locale":"lv_LV","og_type":"article","og_title":"Priv\u0101tuma politika | Not Hot","og_description":"Priv\u0101tuma politika \u0160aj\u0101 priv\u0101tuma politik\u0101 aprakst\u012bts, k\u0101 j\u016bsu personisk\u0101 inform\u0101cija tiek v\u0101kta, lietota un kop\u012bgota, kad apmekl\u0113jat vietni nothot.org (&#8220;Vietne&#8221;) vai izdar\u0101t taj\u0101 pirkumu.the &#8220;Site&#8221;). PERSONISK\u0100 INFORM\u0100CIJA, K\u0100DU V\u0100CAM Kad apmekl\u0113jat Vietni, m\u0113s autom\u0101tiski v\u0101cam noteiktu inform\u0101ciju par j\u016bsu ier\u012bci, tostarp inform\u0101ciju par j\u016bsu t\u012bmek\u013ca p\u0101rl\u016bkprogrammu, IP adresi, laika zinu un da\u017eiem s\u012bkfailiem, kas instal\u0113ti... Read more &raquo;","og_url":"https:\/\/nothot.org\/lv\/privatuma-politika\/","og_site_name":"Not Hot","article_modified_time":"2021-05-18T08:30:36+00:00","twitter_card":"summary_large_image","twitter_misc":{"Est. reading time":"4 minutes"},"schema":{"@context":"https:\/\/schema.org","@graph":[{"@type":"WebPage","@id":"https:\/\/nothot.org\/lv\/privatuma-politika\/","url":"https:\/\/nothot.org\/lv\/privatuma-politika\/","name":"Priv\u0101tuma politika | Not Hot","isPartOf":{"@id":"https:\/\/nothot.org\/#website"},"datePublished":"2021-05-12T19:42:33+00:00","dateModified":"2021-05-18T08:30:36+00:00","inLanguage":"lv-LV","potentialAction":[{"@type":"ReadAction","target":["https:\/\/nothot.org\/lv\/privatuma-politika\/"]}]},{"@type":"WebSite","@id":"https:\/\/nothot.org\/#website","url":"https:\/\/nothot.org\/","name":"Not Hot","description":"Not Hot helps you minimize your individual carbon footprint by planting trees to compensate for your emissions. Find out how to achieve carbon neutrality!","potentialAction":[{"@type":"SearchAction","target":{"@type":"EntryPoint","urlTemplate":"https:\/\/nothot.org\/?s={search_term_string}"},"query-input":{"@type":"PropertyValueSpecification","valueRequired":true,"valueName":"search_term_string"}}],"inLanguage":"lv-LV"}]}},"_links":{"self":[{"href":"https:\/\/nothot.org\/lv\/wp-json\/wp\/v2\/pages\/295"}],"collection":[{"href":"https:\/\/nothot.org\/lv\/wp-json\/wp\/v2\/pages"}],"about":[{"href":"https:\/\/nothot.org\/lv\/wp-json\/wp\/v2\/types\/page"}],"author":[{"embeddable":true,"href":"https:\/\/nothot.org\/lv\/wp-json\/wp\/v2\/users\/1"}],"replies":[{"embeddable":true,"href":"https:\/\/nothot.org\/lv\/wp-json\/wp\/v2\/comments?post=295"}],"version-history":[{"count":7,"href":"https:\/\/nothot.org\/lv\/wp-json\/wp\/v2\/pages\/295\/revisions"}],"predecessor-version":[{"id":354,"href":"https:\/\/nothot.org\/lv\/wp-json\/wp\/v2\/pages\/295\/revisions\/354"}],"wp:attachment":[{"href":"https:\/\/nothot.org\/lv\/wp-json\/wp\/v2\/media?parent=295"}],"curies":[{"name":"wp","href":"https:\/\/api.w.org\/{rel}","templated":true}]}}