{"id":370,"date":"2021-05-25T14:38:06","date_gmt":"2021-05-25T14:38:06","guid":{"rendered":"https:\/\/nothot.org\/?page_id=370"},"modified":"2021-05-25T14:38:09","modified_gmt":"2021-05-25T14:38:09","slug":"naudas-atmaksasanas-politika","status":"publish","type":"page","link":"https:\/\/nothot.org\/lv\/naudas-atmaksasanas-politika\/","title":{"rendered":"Naudas atmaks\u0101\u0161anas politika"},"content":{"rendered":"\n<p>M\u016bsu politika ir sp\u0113k\u0101 30 dienas. Ja kop\u0161 pirkuma veik\u0161anas br\u012b\u017ea ir pag\u0101ju\u0161as 30 dienas, m\u0113s diem\u017e\u0113l nevaram jums pied\u0101v\u0101t naudas atmaksu vai preces mai\u0146u.<\/p>\n\n\n\n<p>Naudas atmaksa (ja ir piem\u0113rojama)<\/p>\n\n\n\n<p>L\u012bdzko b\u016bsiet iesniedzis (-gusi) naudas atmaksas piepras\u012bjumu, nos\u016btot to uz support@nothot.org kop\u0101 ar r\u0113\u0137inu, ko sa\u0146\u0113m\u0101t p\u0113c pirkuma veik\u0161anas, m\u0113s jums nos\u016bt\u012bsim e-pastu, lai pazi\u0146otu, ka esam sa\u0146\u0113mu\u0161i j\u016bsu naudas atmaksas piepras\u012bjumu, k\u0101 ar\u012b inform\u0101ciju par j\u016bsu naudas atmaksas apstiprin\u0101\u0161anu vai noraid\u012b\u0161anu.<\/p>\n\n\n\n<p>Ja j\u016bsu naudas atmaksas piepras\u012bjums b\u016bs apstiprin\u0101ts, j\u016bsu naudas atmaksa tiks apstr\u0101d\u0101ta un noteikt\u0101 dienu laik\u0101 tiks autom\u0101tiski j\u016bsu kred\u012btkartei vai s\u0101kotn\u0113j\u0101 maks\u0101juma veid\u0101 tiks piem\u0113rots kred\u012bts.<\/p>\n\n\n\n<p>Nov\u0113lota vai neeso\u0161a naudas atmaksa (ja ir piem\u0113rojama)<\/p>\n\n\n\n<p>Ja v\u0113l neesat sa\u0146\u0113mis (-usi) naudas atmaksu, vispirms v\u0113lreiz p\u0101rbaudiet savu bankas kontu.<\/p>\n\n\n\n<p>P\u0113c tam sazinieties ar kred\u012btkartes izsniedz\u0113ju. Var paiet zin\u0101ms laiks, l\u012bdz naudas atmaksa tiek ofici\u0101li nos\u016bt\u012bta.<\/p>\n\n\n\n<p>P\u0113c tam sazinieties ar savu banku. Pirms naudas atmaksas nos\u016bt\u012b\u0161anas bie\u017ei vien paiet noteikts apstr\u0101des laiks.<\/p>\n\n\n\n<p>Ja esat veicis (-kusi) visas \u0161\u012bs darb\u012bbas un tom\u0113r neesat sa\u0146\u0113mis (-usi) naudas atmaksu, l\u016bdzu, sazinieties ar mums, rakstot uz support@nothot.org.<\/p>\n","protected":false},"excerpt":{"rendered":"<p>M\u016bsu politika ir sp\u0113k\u0101 30 dienas. Ja kop\u0161 pirkuma veik\u0161anas br\u012b\u017ea ir pag\u0101ju\u0161as 30 dienas, m\u0113s diem\u017e\u0113l nevaram jums pied\u0101v\u0101t naudas atmaksu vai preces mai\u0146u. Naudas atmaksa (ja ir piem\u0113rojama) L\u012bdzko b\u016bsiet iesniedzis (-gusi) naudas atmaksas piepras\u012bjumu, nos\u016btot to uz support@nothot.org kop\u0101 ar r\u0113\u0137inu, ko sa\u0146\u0113m\u0101t p\u0113c pirkuma veik\u0161anas, m\u0113s jums nos\u016bt\u012bsim e-pastu, lai pazi\u0146otu,<a class=\"excerpt-read-more\" href=\"https:\/\/nothot.org\/lv\/naudas-atmaksasanas-politika\/\" title=\"ReadNaudas atmaks\u0101\u0161anas politika\">&#8230; Read more &raquo;<\/a><\/p>\n","protected":false},"author":1,"featured_media":0,"parent":0,"menu_order":0,"comment_status":"closed","ping_status":"closed","template":"","meta":{"_acf_changed":false,"footnotes":""},"class_list":["post-370","page","type-page","status-publish","hentry"],"acf":[],"yoast_head":"<!-- This site is optimized with the Yoast SEO plugin v25.6 - https:\/\/yoast.com\/wordpress\/plugins\/seo\/ -->\n<title>Naudas atmaks\u0101\u0161anas politika | Not Hot<\/title>\n<meta name=\"robots\" content=\"index, follow, max-snippet:-1, max-image-preview:large, max-video-preview:-1\" \/>\n<link rel=\"canonical\" href=\"https:\/\/nothot.org\/lv\/naudas-atmaksasanas-politika\/\" \/>\n<meta property=\"og:locale\" content=\"lv_LV\" \/>\n<meta property=\"og:type\" content=\"article\" \/>\n<meta property=\"og:title\" content=\"Naudas atmaks\u0101\u0161anas politika | Not Hot\" \/>\n<meta property=\"og:description\" content=\"M\u016bsu politika ir sp\u0113k\u0101 30 dienas. Ja kop\u0161 pirkuma veik\u0161anas br\u012b\u017ea ir pag\u0101ju\u0161as 30 dienas, m\u0113s diem\u017e\u0113l nevaram jums pied\u0101v\u0101t naudas atmaksu vai preces mai\u0146u. Naudas atmaksa (ja ir piem\u0113rojama) L\u012bdzko b\u016bsiet iesniedzis (-gusi) naudas atmaksas piepras\u012bjumu, nos\u016btot to uz support@nothot.org kop\u0101 ar r\u0113\u0137inu, ko sa\u0146\u0113m\u0101t p\u0113c pirkuma veik\u0161anas, m\u0113s jums nos\u016bt\u012bsim e-pastu, lai pazi\u0146otu,... Read more &raquo;\" \/>\n<meta property=\"og:url\" content=\"https:\/\/nothot.org\/lv\/naudas-atmaksasanas-politika\/\" \/>\n<meta property=\"og:site_name\" content=\"Not Hot\" \/>\n<meta property=\"article:modified_time\" content=\"2021-05-25T14:38:09+00:00\" \/>\n<meta name=\"twitter:card\" content=\"summary_large_image\" \/>\n<meta name=\"twitter:label1\" content=\"Est. reading time\" \/>\n\t<meta name=\"twitter:data1\" content=\"1 minute\" \/>\n<script type=\"application\/ld+json\" class=\"yoast-schema-graph\">{\"@context\":\"https:\/\/schema.org\",\"@graph\":[{\"@type\":\"WebPage\",\"@id\":\"https:\/\/nothot.org\/lv\/naudas-atmaksasanas-politika\/\",\"url\":\"https:\/\/nothot.org\/lv\/naudas-atmaksasanas-politika\/\",\"name\":\"Naudas atmaks\u0101\u0161anas politika | Not Hot\",\"isPartOf\":{\"@id\":\"https:\/\/nothot.org\/#website\"},\"datePublished\":\"2021-05-25T14:38:06+00:00\",\"dateModified\":\"2021-05-25T14:38:09+00:00\",\"inLanguage\":\"lv-LV\",\"potentialAction\":[{\"@type\":\"ReadAction\",\"target\":[\"https:\/\/nothot.org\/lv\/naudas-atmaksasanas-politika\/\"]}]},{\"@type\":\"WebSite\",\"@id\":\"https:\/\/nothot.org\/#website\",\"url\":\"https:\/\/nothot.org\/\",\"name\":\"Not Hot\",\"description\":\"Not Hot helps you minimize your individual carbon footprint by planting trees to compensate for your emissions. Find out how to achieve carbon neutrality!\",\"potentialAction\":[{\"@type\":\"SearchAction\",\"target\":{\"@type\":\"EntryPoint\",\"urlTemplate\":\"https:\/\/nothot.org\/?s={search_term_string}\"},\"query-input\":{\"@type\":\"PropertyValueSpecification\",\"valueRequired\":true,\"valueName\":\"search_term_string\"}}],\"inLanguage\":\"lv-LV\"}]}<\/script>\n<!-- \/ Yoast SEO plugin. -->","yoast_head_json":{"title":"Naudas atmaks\u0101\u0161anas politika | Not Hot","robots":{"index":"index","follow":"follow","max-snippet":"max-snippet:-1","max-image-preview":"max-image-preview:large","max-video-preview":"max-video-preview:-1"},"canonical":"https:\/\/nothot.org\/lv\/naudas-atmaksasanas-politika\/","og_locale":"lv_LV","og_type":"article","og_title":"Naudas atmaks\u0101\u0161anas politika | Not Hot","og_description":"M\u016bsu politika ir sp\u0113k\u0101 30 dienas. Ja kop\u0161 pirkuma veik\u0161anas br\u012b\u017ea ir pag\u0101ju\u0161as 30 dienas, m\u0113s diem\u017e\u0113l nevaram jums pied\u0101v\u0101t naudas atmaksu vai preces mai\u0146u. Naudas atmaksa (ja ir piem\u0113rojama) L\u012bdzko b\u016bsiet iesniedzis (-gusi) naudas atmaksas piepras\u012bjumu, nos\u016btot to uz support@nothot.org kop\u0101 ar r\u0113\u0137inu, ko sa\u0146\u0113m\u0101t p\u0113c pirkuma veik\u0161anas, m\u0113s jums nos\u016bt\u012bsim e-pastu, lai pazi\u0146otu,... Read more &raquo;","og_url":"https:\/\/nothot.org\/lv\/naudas-atmaksasanas-politika\/","og_site_name":"Not Hot","article_modified_time":"2021-05-25T14:38:09+00:00","twitter_card":"summary_large_image","twitter_misc":{"Est. reading time":"1 minute"},"schema":{"@context":"https:\/\/schema.org","@graph":[{"@type":"WebPage","@id":"https:\/\/nothot.org\/lv\/naudas-atmaksasanas-politika\/","url":"https:\/\/nothot.org\/lv\/naudas-atmaksasanas-politika\/","name":"Naudas atmaks\u0101\u0161anas politika | Not Hot","isPartOf":{"@id":"https:\/\/nothot.org\/#website"},"datePublished":"2021-05-25T14:38:06+00:00","dateModified":"2021-05-25T14:38:09+00:00","inLanguage":"lv-LV","potentialAction":[{"@type":"ReadAction","target":["https:\/\/nothot.org\/lv\/naudas-atmaksasanas-politika\/"]}]},{"@type":"WebSite","@id":"https:\/\/nothot.org\/#website","url":"https:\/\/nothot.org\/","name":"Not Hot","description":"Not Hot helps you minimize your individual carbon footprint by planting trees to compensate for your emissions. Find out how to achieve carbon neutrality!","potentialAction":[{"@type":"SearchAction","target":{"@type":"EntryPoint","urlTemplate":"https:\/\/nothot.org\/?s={search_term_string}"},"query-input":{"@type":"PropertyValueSpecification","valueRequired":true,"valueName":"search_term_string"}}],"inLanguage":"lv-LV"}]}},"_links":{"self":[{"href":"https:\/\/nothot.org\/lv\/wp-json\/wp\/v2\/pages\/370"}],"collection":[{"href":"https:\/\/nothot.org\/lv\/wp-json\/wp\/v2\/pages"}],"about":[{"href":"https:\/\/nothot.org\/lv\/wp-json\/wp\/v2\/types\/page"}],"author":[{"embeddable":true,"href":"https:\/\/nothot.org\/lv\/wp-json\/wp\/v2\/users\/1"}],"replies":[{"embeddable":true,"href":"https:\/\/nothot.org\/lv\/wp-json\/wp\/v2\/comments?post=370"}],"version-history":[{"count":1,"href":"https:\/\/nothot.org\/lv\/wp-json\/wp\/v2\/pages\/370\/revisions"}],"predecessor-version":[{"id":371,"href":"https:\/\/nothot.org\/lv\/wp-json\/wp\/v2\/pages\/370\/revisions\/371"}],"wp:attachment":[{"href":"https:\/\/nothot.org\/lv\/wp-json\/wp\/v2\/media?parent=370"}],"curies":[{"name":"wp","href":"https:\/\/api.w.org\/{rel}","templated":true}]}}