{"id":372,"date":"2021-05-25T14:39:39","date_gmt":"2021-05-25T14:39:39","guid":{"rendered":"https:\/\/nothot.org\/?page_id=372"},"modified":"2021-05-25T14:39:40","modified_gmt":"2021-05-25T14:39:40","slug":"sutisanas-politika","status":"publish","type":"page","link":"https:\/\/nothot.org\/lv\/sutisanas-politika\/","title":{"rendered":"S\u016bt\u012b\u0161anas politika"},"content":{"rendered":"\n<p>P\u0113c m\u016bsu Pakalpojuma izmanto\u0161anas un\/vai pirkuma veik\u0161anas m\u0113s klientiem nes\u016bt\u0101m fiziskas preces. Visas ieg\u0101d\u0101t\u0101s preces vai Pakalpojumi tiek j\u016bsu v\u0101rd\u0101 izmantoti m\u016bsu izv\u0113l\u0113taj\u0101 viet\u0101, klientiem to autom\u0101tiski neizpau\u017eot. Not Hot nav pien\u0101kuma izpaust \u0161o inform\u0101ciju klientam, bet p\u0113c klienta piepras\u012bjuma tas var izv\u0113l\u0113ties \u0161o inform\u0101ciju klientam izpaust.<\/p>\n","protected":false},"excerpt":{"rendered":"<p>P\u0113c m\u016bsu Pakalpojuma izmanto\u0161anas un\/vai pirkuma veik\u0161anas m\u0113s klientiem nes\u016bt\u0101m fiziskas preces. Visas ieg\u0101d\u0101t\u0101s preces vai Pakalpojumi tiek j\u016bsu v\u0101rd\u0101 izmantoti m\u016bsu izv\u0113l\u0113taj\u0101 viet\u0101, klientiem to autom\u0101tiski neizpau\u017eot. Not Hot nav pien\u0101kuma izpaust \u0161o inform\u0101ciju klientam, bet p\u0113c klienta piepras\u012bjuma tas var izv\u0113l\u0113ties \u0161o inform\u0101ciju klientam izpaust.<\/p>\n","protected":false},"author":1,"featured_media":0,"parent":0,"menu_order":0,"comment_status":"closed","ping_status":"closed","template":"","meta":{"_acf_changed":false,"footnotes":""},"class_list":["post-372","page","type-page","status-publish","hentry"],"acf":[],"yoast_head":"<!-- This site is optimized with the Yoast SEO plugin v25.6 - https:\/\/yoast.com\/wordpress\/plugins\/seo\/ -->\n<title>S\u016bt\u012b\u0161anas politika | Not Hot<\/title>\n<meta name=\"robots\" content=\"index, follow, max-snippet:-1, max-image-preview:large, max-video-preview:-1\" \/>\n<link rel=\"canonical\" href=\"https:\/\/nothot.org\/lv\/sutisanas-politika\/\" \/>\n<meta property=\"og:locale\" content=\"lv_LV\" \/>\n<meta property=\"og:type\" content=\"article\" \/>\n<meta property=\"og:title\" content=\"S\u016bt\u012b\u0161anas politika | Not Hot\" \/>\n<meta property=\"og:description\" content=\"P\u0113c m\u016bsu Pakalpojuma izmanto\u0161anas un\/vai pirkuma veik\u0161anas m\u0113s klientiem nes\u016bt\u0101m fiziskas preces. Visas ieg\u0101d\u0101t\u0101s preces vai Pakalpojumi tiek j\u016bsu v\u0101rd\u0101 izmantoti m\u016bsu izv\u0113l\u0113taj\u0101 viet\u0101, klientiem to autom\u0101tiski neizpau\u017eot. Not Hot nav pien\u0101kuma izpaust \u0161o inform\u0101ciju klientam, bet p\u0113c klienta piepras\u012bjuma tas var izv\u0113l\u0113ties \u0161o inform\u0101ciju klientam izpaust.\" \/>\n<meta property=\"og:url\" content=\"https:\/\/nothot.org\/lv\/sutisanas-politika\/\" \/>\n<meta property=\"og:site_name\" content=\"Not Hot\" \/>\n<meta property=\"article:modified_time\" content=\"2021-05-25T14:39:40+00:00\" \/>\n<meta name=\"twitter:card\" content=\"summary_large_image\" \/>\n<meta name=\"twitter:label1\" content=\"Est. reading time\" \/>\n\t<meta name=\"twitter:data1\" content=\"1 minute\" \/>\n<script type=\"application\/ld+json\" class=\"yoast-schema-graph\">{\"@context\":\"https:\/\/schema.org\",\"@graph\":[{\"@type\":\"WebPage\",\"@id\":\"https:\/\/nothot.org\/lv\/sutisanas-politika\/\",\"url\":\"https:\/\/nothot.org\/lv\/sutisanas-politika\/\",\"name\":\"S\u016bt\u012b\u0161anas politika | Not Hot\",\"isPartOf\":{\"@id\":\"https:\/\/nothot.org\/#website\"},\"datePublished\":\"2021-05-25T14:39:39+00:00\",\"dateModified\":\"2021-05-25T14:39:40+00:00\",\"inLanguage\":\"lv-LV\",\"potentialAction\":[{\"@type\":\"ReadAction\",\"target\":[\"https:\/\/nothot.org\/lv\/sutisanas-politika\/\"]}]},{\"@type\":\"WebSite\",\"@id\":\"https:\/\/nothot.org\/#website\",\"url\":\"https:\/\/nothot.org\/\",\"name\":\"Not Hot\",\"description\":\"Not Hot helps you minimize your individual carbon footprint by planting trees to compensate for your emissions. Find out how to achieve carbon neutrality!\",\"potentialAction\":[{\"@type\":\"SearchAction\",\"target\":{\"@type\":\"EntryPoint\",\"urlTemplate\":\"https:\/\/nothot.org\/?s={search_term_string}\"},\"query-input\":{\"@type\":\"PropertyValueSpecification\",\"valueRequired\":true,\"valueName\":\"search_term_string\"}}],\"inLanguage\":\"lv-LV\"}]}<\/script>\n<!-- \/ Yoast SEO plugin. -->","yoast_head_json":{"title":"S\u016bt\u012b\u0161anas politika | Not Hot","robots":{"index":"index","follow":"follow","max-snippet":"max-snippet:-1","max-image-preview":"max-image-preview:large","max-video-preview":"max-video-preview:-1"},"canonical":"https:\/\/nothot.org\/lv\/sutisanas-politika\/","og_locale":"lv_LV","og_type":"article","og_title":"S\u016bt\u012b\u0161anas politika | Not Hot","og_description":"P\u0113c m\u016bsu Pakalpojuma izmanto\u0161anas un\/vai pirkuma veik\u0161anas m\u0113s klientiem nes\u016bt\u0101m fiziskas preces. Visas ieg\u0101d\u0101t\u0101s preces vai Pakalpojumi tiek j\u016bsu v\u0101rd\u0101 izmantoti m\u016bsu izv\u0113l\u0113taj\u0101 viet\u0101, klientiem to autom\u0101tiski neizpau\u017eot. Not Hot nav pien\u0101kuma izpaust \u0161o inform\u0101ciju klientam, bet p\u0113c klienta piepras\u012bjuma tas var izv\u0113l\u0113ties \u0161o inform\u0101ciju klientam izpaust.","og_url":"https:\/\/nothot.org\/lv\/sutisanas-politika\/","og_site_name":"Not Hot","article_modified_time":"2021-05-25T14:39:40+00:00","twitter_card":"summary_large_image","twitter_misc":{"Est. reading time":"1 minute"},"schema":{"@context":"https:\/\/schema.org","@graph":[{"@type":"WebPage","@id":"https:\/\/nothot.org\/lv\/sutisanas-politika\/","url":"https:\/\/nothot.org\/lv\/sutisanas-politika\/","name":"S\u016bt\u012b\u0161anas politika | Not Hot","isPartOf":{"@id":"https:\/\/nothot.org\/#website"},"datePublished":"2021-05-25T14:39:39+00:00","dateModified":"2021-05-25T14:39:40+00:00","inLanguage":"lv-LV","potentialAction":[{"@type":"ReadAction","target":["https:\/\/nothot.org\/lv\/sutisanas-politika\/"]}]},{"@type":"WebSite","@id":"https:\/\/nothot.org\/#website","url":"https:\/\/nothot.org\/","name":"Not Hot","description":"Not Hot helps you minimize your individual carbon footprint by planting trees to compensate for your emissions. Find out how to achieve carbon neutrality!","potentialAction":[{"@type":"SearchAction","target":{"@type":"EntryPoint","urlTemplate":"https:\/\/nothot.org\/?s={search_term_string}"},"query-input":{"@type":"PropertyValueSpecification","valueRequired":true,"valueName":"search_term_string"}}],"inLanguage":"lv-LV"}]}},"_links":{"self":[{"href":"https:\/\/nothot.org\/lv\/wp-json\/wp\/v2\/pages\/372"}],"collection":[{"href":"https:\/\/nothot.org\/lv\/wp-json\/wp\/v2\/pages"}],"about":[{"href":"https:\/\/nothot.org\/lv\/wp-json\/wp\/v2\/types\/page"}],"author":[{"embeddable":true,"href":"https:\/\/nothot.org\/lv\/wp-json\/wp\/v2\/users\/1"}],"replies":[{"embeddable":true,"href":"https:\/\/nothot.org\/lv\/wp-json\/wp\/v2\/comments?post=372"}],"version-history":[{"count":1,"href":"https:\/\/nothot.org\/lv\/wp-json\/wp\/v2\/pages\/372\/revisions"}],"predecessor-version":[{"id":373,"href":"https:\/\/nothot.org\/lv\/wp-json\/wp\/v2\/pages\/372\/revisions\/373"}],"wp:attachment":[{"href":"https:\/\/nothot.org\/lv\/wp-json\/wp\/v2\/media?parent=372"}],"curies":[{"name":"wp","href":"https:\/\/api.w.org\/{rel}","templated":true}]}}